{"id":12,"date":"2017-10-08T14:29:31","date_gmt":"2017-10-08T12:29:31","guid":{"rendered":"http:\/\/sachainchilaos.com\/indexWP.php\/?page_id=12"},"modified":"2017-10-08T14:29:31","modified_gmt":"2017-10-08T12:29:31","slug":"le-sacha-inchi","status":"publish","type":"page","link":"https:\/\/new.sachainchilaos.com\/de\/le-sacha-inchi\/","title":{"rendered":"Sacha Inchi"},"content":{"rendered":"<div class=\"csRow\">\n<div class=\"csColumnGap\" style=\"margin: 0px; padding: 0px; float: left; width: 1.56%;\"><img decoding=\"async\" style=\"border: none;\" src=\"http:\/\/sachainchilaos.com\/wp-content\/plugins\/advanced-wp-columns\/assets\/js\/plugins\/views\/img\/1x1-pixel.png\" \/><\/div>\n<div class=\"csColumn\" style=\"margin: 0px; padding: 0px; float: left; width: 27.8%;\" data-csstartpoint=\"15\" data-csendpoint=\"282\" data-cswidth=\"27.8%\" data-csid=\"44a3b2c4-1668-2bbf-86c4-4f3df0a6a13a\">\n<p><strong>Botanisch<\/strong><\/p>\n<p>&nbsp;<\/p>\n<p><img loading=\"lazy\" decoding=\"async\" class=\"aligncenter size-full wp-image-425\" src=\"http:\/\/sachainchilaos.com\/wp-content\/uploads\/2017\/10\/botanic.png\" alt=\"\" width=\"424\" height=\"169\" \/>\n<table id=\"tablepress-6\" class=\"tablepress tablepress-id-6\">\n<tbody class=\"row-hover\">\n<tr class=\"row-1 odd\">\n\t<td class=\"column-1\"><strong>Reich:<\/strong><\/td><td class=\"column-2\">PLANTAE<\/td>\n<\/tr>\n<tr class=\"row-2 even\">\n\t<td class=\"column-1\"><strong>Abteilung:<\/strong><\/td><td class=\"column-2\">ANGIOSPERMAE<\/td>\n<\/tr>\n<tr class=\"row-3 odd\">\n\t<td class=\"column-1\"><strong>Klasse:<\/strong><\/td><td class=\"column-2\">DYCOTILEDONEA<\/td>\n<\/tr>\n<tr class=\"row-4 even\">\n\t<td class=\"column-1\"><strong>Ordnung:<\/strong><\/td><td class=\"column-2\">GERANIALES<\/td>\n<\/tr>\n<tr class=\"row-5 odd\">\n\t<td class=\"column-1\"><strong>Familie:<\/strong><\/td><td class=\"column-2\">EUPHORBIACEAE<\/td>\n<\/tr>\n<tr class=\"row-6 even\">\n\t<td class=\"column-1\"><strong>Gattung:<\/strong><\/td><td class=\"column-2\"><i>Plukenetia<\/i><\/td>\n<\/tr>\n<tr class=\"row-7 odd\">\n\t<td class=\"column-1\"><strong>Art:<\/strong><\/td><td class=\"column-2\"><i>Volubilis Linneo<\/i><\/td>\n<\/tr>\n<tr class=\"row-8 even\">\n\t<td class=\"column-1\"><strong>Wissenschaftlicher Name:<\/strong><\/td><td class=\"column-2\"><i>Plukenetia volubilis L.<\/i><\/td>\n<\/tr>\n<tr class=\"row-9 odd\">\n\t<td class=\"column-1\"><strong>Allgemeiner Name:<\/strong><\/td><td class=\"column-2\">Sacha Inchi, mani del monte, mani del inca.<\/td>\n<\/tr>\n<\/tbody>\n<\/table>\n<!-- #tablepress-6 from cache --><\/p>\n<p>&nbsp;<\/p>\n<\/div>\n<div class=\"csColumnGap\" style=\"margin: 0px; padding: 0px; float: left; width: 1.56%;\"><img decoding=\"async\" style=\"border: none;\" src=\"http:\/\/sachainchilaos.com\/wp-content\/plugins\/advanced-wp-columns\/assets\/js\/plugins\/views\/img\/1x1-pixel.png\" \/><\/div>\n<div class=\"csColumn\" style=\"margin: 0px; padding: 0px; float: left; width: 24.3%;\" data-csstartpoint=\"297\" data-csendpoint=\"530\" data-cswidth=\"24.3%\" data-csid=\"53b0e7df-5668-a741-9e99-d3d94f9500b2\">\n<p><strong>Herkunft von Sacha Inchi<\/strong><\/p>\n<p>Sacha Inchi, auch bekannt als &#8222;Inka-Erdnuss&#8220; ist ein Euphorbiaceae, der in den tropischen Bergw\u00e4ldern des peruanischen Amazonas endemisch ist. Diese mehrj\u00e4hrige Liane hat sich in Laos perfekt akklimatisiert, wo sie nun wegen ihrer hohen Konzentration an Mehrfach unges\u00e4ttigte Fetts\u00e4uren (vor allem in Omega 3 und 6) kultiviert wird.<\/p>\n<p><strong><br \/>\nSacha Inchi \u00d6l<\/strong><\/p>\n<p><img loading=\"lazy\" decoding=\"async\" class=\"aligncenter size-full wp-image-403\" src=\"http:\/\/sachainchilaos.com\/wp-content\/uploads\/2017\/10\/huil.26.10.png\" alt=\"\" width=\"367\" height=\"119\" \/><br \/>\nSacha Inchi \u00d6l ist das Ergebnis der Kaltpressung von Sacha Inchi Rohkernen. Es ist ein Pflanzen\u00f6l mit einem sehr hohen Gehalt an Omega 3, 6 und 9 (bis zu 92%). Es werden keine Zusatzstoffe oder Konservierungsmittel verwendet. Es enth\u00e4lt auch Vitamin A, E und Tocopherole.<\/p>\n<p><strong>Aussehen:<\/strong>\u00a0fl\u00fcssig, fl\u00fcssig, durchscheinend.<br \/>\n<strong>Farbe:<\/strong> klar bis hellgelb.<br \/>\n<strong>Geruch:<\/strong>\u00a0duftend, charakteristisch f\u00fcr das Produkt.<br \/>\n<strong>Geschmack:<\/strong> charakteristisch, krautig mit Spargelgeschmack.<\/p>\n<\/div>\n<div class=\"csColumnGap\" style=\"margin: 0px; padding: 0px; float: left; width: 1.56%;\"><img decoding=\"async\" style=\"border: none;\" src=\"http:\/\/sachainchilaos.com\/wp-content\/plugins\/advanced-wp-columns\/assets\/js\/plugins\/views\/img\/1x1-pixel.png\" \/><\/div>\n<div class=\"csColumn\" style=\"margin: 0px; padding: 0px; float: left; width: 24.5%;\" data-csstartpoint=\"545\" data-csendpoint=\"780\" data-cswidth=\"24.5%\" data-csid=\"70f1e56f-e39c-e6cf-92c9-2824b4be6cc0\">\n<p><strong>Zusammensetzung des \u00d6ls<\/strong><\/p>\n<p><img loading=\"lazy\" decoding=\"async\" class=\"aligncenter size-full wp-image-436\" src=\"http:\/\/sachainchilaos.com\/wp-content\/uploads\/2017\/10\/huilesachainchi.png\" alt=\"\" width=\"372\" height=\"141\" \/><br \/>\n\n<table id=\"tablepress-10\" class=\"tablepress tablepress-id-10\">\n<thead>\n<tr class=\"row-1 odd\">\n\t<th colspan=\"2\" class=\"column-1\">Mehrfach unges\u00e4ttigte Fetts\u00e4uren (UFA)<\/th>\n<\/tr>\n<\/thead>\n<tbody class=\"row-hover\">\n<tr class=\"row-2 even\">\n\t<td class=\"column-1\">\u0391-Linolens\u00e4ure* (\u03a93)<\/td><td class=\"column-2\">48%<\/td>\n<\/tr>\n<tr class=\"row-3 odd\">\n\t<td class=\"column-1\">Linols\u00e4ure* (\u03a96)<\/td><td class=\"column-2\">37%<\/td>\n<\/tr>\n<tr class=\"row-4 even\">\n\t<td class=\"column-1\">\u00d6ls\u00e4ure (\u03a99)<\/td><td class=\"column-2\">10%<\/td>\n<\/tr>\n<tr class=\"row-5 odd\">\n\t<td colspan=\"2\" class=\"column-1\">Das sind insgesamt etwa 95% UFA.<br \/>\n* Essentielle Fetts\u00e4uren, die vom Menschen nicht synthetisiert werden k\u00f6nnen.<\/td>\n<\/tr>\n<\/tbody>\n<\/table>\n<!-- #tablepress-10 from cache --><\/p>\n\n<table id=\"tablepress-12\" class=\"tablepress tablepress-id-12\">\n<thead>\n<tr class=\"row-1 odd\">\n\t<th colspan=\"2\" class=\"column-1\">Vitamin A und Vitamin E<\/th>\n<\/tr>\n<\/thead>\n<tbody class=\"row-hover\">\n<tr class=\"row-2 even\">\n\t<td class=\"column-1\">\u03b1-Tocopherol<\/td><td class=\"column-2\">30-35 mg\/kg<\/td>\n<\/tr>\n<tr class=\"row-3 odd\">\n\t<td class=\"column-1\">\u03b4-Tocopherol<\/td><td class=\"column-2\">1160 - 1180 mg\/kg<\/td>\n<\/tr>\n<tr class=\"row-4 even\">\n\t<td class=\"column-1\">\u03b3-Tocopherol<\/td><td class=\"column-2\">1675 - 1690 mg\/kg<\/td>\n<\/tr>\n<tr class=\"row-5 odd\">\n\t<td colspan=\"2\" class=\"column-1\"><\/td>\n<\/tr>\n<\/tbody>\n<\/table>\n<!-- #tablepress-12 from cache -->\n<\/div>\n<div class=\"csColumnGap\" style=\"margin: 0px; padding: 0px; float: left; width: 18.8%;\"><img decoding=\"async\" style=\"border: none;\" src=\"http:\/\/sachainchilaos.com\/wp-content\/plugins\/advanced-wp-columns\/assets\/js\/plugins\/views\/img\/1x1-pixel.png\" \/><\/div>\n<div style=\"clear: both; float: none; display: block; visibility: hidden; width: 0px; font-size: 0px; line-height: 0;\"><\/div>\n<\/div>\n<p>&nbsp;<\/p>\n","protected":false},"excerpt":{"rendered":"<p>Botanisch &nbsp; &nbsp; Herkunft von Sacha Inchi Sacha Inchi, auch bekannt als &#8222;Inka-Erdnuss&#8220; ist ein Euphorbiaceae, der in den tropischen Bergw\u00e4ldern des peruanischen Amazonas endemisch ist. Diese mehrj\u00e4hrige Liane hat sich in Laos perfekt akklimatisiert, wo sie nun wegen ihrer hohen Konzentration an Mehrfach unges\u00e4ttigte Fetts\u00e4uren (vor allem in Omega 3 und 6) kultiviert wird. &hellip; <\/p>\n<p class=\"link-more\"><a href=\"https:\/\/new.sachainchilaos.com\/de\/le-sacha-inchi\/\" class=\"more-link\"><span class=\"screen-reader-text\">\u201eSacha Inchi\u201c<\/span> weiterlesen<\/a><\/p>\n","protected":false},"author":1,"featured_media":0,"parent":0,"menu_order":1,"comment_status":"closed","ping_status":"closed","template":"","meta":{"footnotes":""},"class_list":["post-12","page","type-page","status-publish","hentry"],"_links":{"self":[{"href":"https:\/\/new.sachainchilaos.com\/de\/wp-json\/wp\/v2\/pages\/12","targetHints":{"allow":["GET"]}}],"collection":[{"href":"https:\/\/new.sachainchilaos.com\/de\/wp-json\/wp\/v2\/pages"}],"about":[{"href":"https:\/\/new.sachainchilaos.com\/de\/wp-json\/wp\/v2\/types\/page"}],"author":[{"embeddable":true,"href":"https:\/\/new.sachainchilaos.com\/de\/wp-json\/wp\/v2\/users\/1"}],"replies":[{"embeddable":true,"href":"https:\/\/new.sachainchilaos.com\/de\/wp-json\/wp\/v2\/comments?post=12"}],"version-history":[{"count":0,"href":"https:\/\/new.sachainchilaos.com\/de\/wp-json\/wp\/v2\/pages\/12\/revisions"}],"wp:attachment":[{"href":"https:\/\/new.sachainchilaos.com\/de\/wp-json\/wp\/v2\/media?parent=12"}],"curies":[{"name":"wp","href":"https:\/\/api.w.org\/{rel}","templated":true}]}}