{"id":13010,"date":"2021-05-25T13:41:32","date_gmt":"2021-05-25T11:41:32","guid":{"rendered":"https:\/\/new.sachainchilaos.com\/?post_type=product&#038;p=13010"},"modified":"2021-05-25T13:41:38","modified_gmt":"2021-05-25T11:41:38","slug":"huile-de-sacha-inchi","status":"publish","type":"product","link":"https:\/\/new.sachainchilaos.com\/de\/product\/huile-de-sacha-inchi\/","title":{"rendered":"SACHA INCHI \u00d6L"},"content":{"rendered":"<p>Sacha Inchi \u00d6l hat einen sch\u00f6nen charakteristischen Pflanzengeschmack. Es ist reich an essentiellen Fetts\u00e4uren, keine Transfette, kein Cholesterin, kein GVO, keine Bestrahlung und kein Gluten. Verwandelt in eine glutenfreie und erdnussfreie Einrichtung.<\/p>\n<p><b><u>VERWENDET:<\/u><\/b><br \/>\n\u2022 Als Geschmacksverst\u00e4rker in Salaten, Pasta oder anderen Gerichten.<br \/>\n\u2022 Als gesunde und nahrhafte Erg\u00e4nzung f\u00fcr jedes Rezept, dank seiner hohen Omega-3, 6 und 9 (kalt).<\/p>","protected":false},"excerpt":{"rendered":"<p>Sacha Inchi \u00d6l ist das Ergebnis der Kaltpressung von Sacha Inchi rohen Samen. Es ist ein Pflanzen\u00f6l mit einem sehr hohen Gehalt an Omega 3, 6 und 9 (bis zu 92%). Es werden keine Zusatz- oder Konservierungsstoffe verwendet.<\/p>\n[accordions id=\"949\"]\n","protected":false},"featured_media":13027,"template":"","meta":[],"product_cat":[],"product_tag":[48],"class_list":["post-13010","product","type-product","status-publish","has-post-thumbnail","hentry","product_tag-oil"],"_links":{"self":[{"href":"https:\/\/new.sachainchilaos.com\/de\/wp-json\/wp\/v2\/product\/13010","targetHints":{"allow":["GET"]}}],"collection":[{"href":"https:\/\/new.sachainchilaos.com\/de\/wp-json\/wp\/v2\/product"}],"about":[{"href":"https:\/\/new.sachainchilaos.com\/de\/wp-json\/wp\/v2\/types\/product"}],"version-history":[{"count":0,"href":"https:\/\/new.sachainchilaos.com\/de\/wp-json\/wp\/v2\/product\/13010\/revisions"}],"wp:featuredmedia":[{"embeddable":true,"href":"https:\/\/new.sachainchilaos.com\/de\/wp-json\/wp\/v2\/media\/13027"}],"wp:attachment":[{"href":"https:\/\/new.sachainchilaos.com\/de\/wp-json\/wp\/v2\/media?parent=13010"}],"wp:term":[{"taxonomy":"product_cat","embeddable":true,"href":"https:\/\/new.sachainchilaos.com\/de\/wp-json\/wp\/v2\/product_cat?post=13010"},{"taxonomy":"product_tag","embeddable":true,"href":"https:\/\/new.sachainchilaos.com\/de\/wp-json\/wp\/v2\/product_tag?post=13010"}],"curies":[{"name":"wp","href":"https:\/\/api.w.org\/{rel}","templated":true}]}}