{"id":13012,"date":"2021-05-25T13:41:32","date_gmt":"2021-05-25T11:41:32","guid":{"rendered":"https:\/\/new.sachainchilaos.com\/?post_type=product&#038;p=13012"},"modified":"2021-05-25T13:41:40","modified_gmt":"2021-05-25T11:41:40","slug":"tant-pour-tant-poudre-de-sacha-inchi-sucre-glace","status":"publish","type":"product","link":"https:\/\/new.sachainchilaos.com\/de\/product\/tant-pour-tant-poudre-de-sacha-inchi-sucre-glace\/","title":{"rendered":"SO VIEL Sacha Inchi Pulver und Puderzucker"},"content":{"rendered":"<p>Sacha Inchi Pulver ist eine Quelle f\u00fcr vollst\u00e4ndiges Protein und enth\u00e4lt alle essentiellen Aminos\u00e4uren, verdauungsf\u00f6rdernde Fasern und unges\u00e4ttigte Fetts\u00e4uren (Omega 3, 6 und 9). Non-GMO. Verwandelt in eine glutenfreie und erdnussfreie Einrichtung. Keine Zus\u00e4tze oder Konservierungsmittel werden verwendet..<\/p>\n<p><b><u>VERWENDUNGEN:<\/u><br \/>\n<\/b>Dieses Pulver ist ideal f\u00fcr Macaron, kann aber auch in verschiedene Back- und Backrezepte integriert werden:<br \/>\n\u2022 Brownies.<br \/>\n\u2022 Eiscreme.<br \/>\n\u2022 Kuchen.<br \/>\n\u2022 Geb\u00e4ck.<\/p>","protected":false},"excerpt":{"rendered":"<p>Das beides f\u00fcr so viel ist eine Mischung aus 50% Sacha Inchi Pulver, 50% Puderzucker. Es ersetzt Mandelpulver und macht es einfach, saftige Makronen, Mandelcremes, Joconde-Kekse, baskische Kuchen, Kuchenteig &#8230;<\/p>\n","protected":false},"featured_media":13029,"template":"","meta":[],"product_cat":[],"product_tag":[46],"class_list":["post-13012","product","type-product","status-publish","has-post-thumbnail","hentry","product_tag-powder"],"_links":{"self":[{"href":"https:\/\/new.sachainchilaos.com\/de\/wp-json\/wp\/v2\/product\/13012","targetHints":{"allow":["GET"]}}],"collection":[{"href":"https:\/\/new.sachainchilaos.com\/de\/wp-json\/wp\/v2\/product"}],"about":[{"href":"https:\/\/new.sachainchilaos.com\/de\/wp-json\/wp\/v2\/types\/product"}],"version-history":[{"count":0,"href":"https:\/\/new.sachainchilaos.com\/de\/wp-json\/wp\/v2\/product\/13012\/revisions"}],"wp:featuredmedia":[{"embeddable":true,"href":"https:\/\/new.sachainchilaos.com\/de\/wp-json\/wp\/v2\/media\/13029"}],"wp:attachment":[{"href":"https:\/\/new.sachainchilaos.com\/de\/wp-json\/wp\/v2\/media?parent=13012"}],"wp:term":[{"taxonomy":"product_cat","embeddable":true,"href":"https:\/\/new.sachainchilaos.com\/de\/wp-json\/wp\/v2\/product_cat?post=13012"},{"taxonomy":"product_tag","embeddable":true,"href":"https:\/\/new.sachainchilaos.com\/de\/wp-json\/wp\/v2\/product_tag?post=13012"}],"curies":[{"name":"wp","href":"https:\/\/api.w.org\/{rel}","templated":true}]}}