{"id":13020,"date":"2021-05-25T13:41:33","date_gmt":"2021-05-25T11:41:33","guid":{"rendered":"https:\/\/new.sachainchilaos.com\/?post_type=product&#038;p=13020"},"modified":"2021-05-25T13:41:59","modified_gmt":"2021-05-25T11:41:59","slug":"huile-cosmetique-de-sacha-inchi-pour-peau-et-cheveux","status":"publish","type":"product","link":"https:\/\/new.sachainchilaos.com\/de\/product\/huile-cosmetique-de-sacha-inchi-pour-peau-et-cheveux\/","title":{"rendered":"SACHA INCHI KOSMETIK\u00d6L &#8211; F\u00fcr Haut und Haar"},"content":{"rendered":"<p>Das Kosmetik\u00f6l von Sacha Inchi ist das Ergebnis der Kaltpressung der rohen Samen von Sacha Inchi. Es ist Pflanzen\u00f6l mit sehr hohem Gehalt an Omega 3, 6 und 9 (bis zu 92%). Keine Zus\u00e4tze oder Konservierungsmittel werden verwendet. Es enth\u00e4lt auch Vitamin A und E.<\/p>\n<p><b><u>USAGES:<\/u><\/b><br \/>\n\u2022 F\u00fcr alle Hauttypen, so oft wie gew\u00fcnscht.<br \/>\n\u2022 Um alle Arten von Haaren zu f\u00fcttern.<br \/>\n\u2022 Zur St\u00e4rkung der N\u00e4gel und zur Erweichung der Nagelhaut.<\/p>","protected":false},"excerpt":{"rendered":"<p>Das Kosmetik\u00f6l von Sacha Inchi ist 100% nat\u00fcrlich. es bek\u00e4mpft die Hautalterung, n\u00e4hrt und befeuchtet Haut und Haar und st\u00e4rkt die N\u00e4gel. Entz\u00fcndungshemmend, hilft Hautausschl\u00e4ge, Irritationen zu lindern und Akne zu reduzieren.<\/p>\n","protected":false},"featured_media":13044,"template":"","meta":[],"product_cat":[],"product_tag":[70,48],"class_list":["post-13020","product","type-product","status-publish","has-post-thumbnail","hentry","product_tag-cosmetique","product_tag-oil"],"_links":{"self":[{"href":"https:\/\/new.sachainchilaos.com\/de\/wp-json\/wp\/v2\/product\/13020","targetHints":{"allow":["GET"]}}],"collection":[{"href":"https:\/\/new.sachainchilaos.com\/de\/wp-json\/wp\/v2\/product"}],"about":[{"href":"https:\/\/new.sachainchilaos.com\/de\/wp-json\/wp\/v2\/types\/product"}],"version-history":[{"count":0,"href":"https:\/\/new.sachainchilaos.com\/de\/wp-json\/wp\/v2\/product\/13020\/revisions"}],"wp:featuredmedia":[{"embeddable":true,"href":"https:\/\/new.sachainchilaos.com\/de\/wp-json\/wp\/v2\/media\/13044"}],"wp:attachment":[{"href":"https:\/\/new.sachainchilaos.com\/de\/wp-json\/wp\/v2\/media?parent=13020"}],"wp:term":[{"taxonomy":"product_cat","embeddable":true,"href":"https:\/\/new.sachainchilaos.com\/de\/wp-json\/wp\/v2\/product_cat?post=13020"},{"taxonomy":"product_tag","embeddable":true,"href":"https:\/\/new.sachainchilaos.com\/de\/wp-json\/wp\/v2\/product_tag?post=13020"}],"curies":[{"name":"wp","href":"https:\/\/api.w.org\/{rel}","templated":true}]}}