{"id":13021,"date":"2021-05-25T13:41:33","date_gmt":"2021-05-25T11:41:33","guid":{"rendered":"https:\/\/new.sachainchilaos.com\/?post_type=product&#038;p=13021"},"modified":"2021-05-25T13:42:00","modified_gmt":"2021-05-25T11:42:00","slug":"huile-cosmetique-de-sacha-inchi-flacon-roll-on","status":"publish","type":"product","link":"https:\/\/new.sachainchilaos.com\/de\/product\/huile-cosmetique-de-sacha-inchi-flacon-roll-on\/","title":{"rendered":"SACHA INCHI KOSMETIK\u00d6L &#8211; Roll-On Flasche"},"content":{"rendered":"<p>L&#8217;huile cosm\u00e9tique de Sacha Inchi est le r\u00e9sultat du pressage \u00e0 froid des graines crues de Sacha Inchi. C&#8217;est l&#8217;huile v\u00e9g\u00e9tale \u00e0 tr\u00e8s haute teneur en Om\u00e9ga 3, 6 et 9 (jusqu&#8217;\u00e0 92%). Aucun additif ou agent de conservation n&#8217;est utilis\u00e9. Elle contient \u00e9galement de la vitamine A et E.<\/p>\n<p><b><u>USAGES:<\/u><\/b><br \/>\n\u2022 Pour tous les types de peau, aussi souvent que d\u00e9sir\u00e9.<br \/>\n\u2022 Pour nourrir tous les types de cheveux.<br \/>\n\u2022 Pour renforcer les ongles et adoucir les cuticules.<br \/>\n\u2022 Unter den Augen, um das Auftreten von Falten zu reduzieren.<\/p>","protected":false},"excerpt":{"rendered":"<p>L&#8217;huile cosm\u00e9tique de Sacha Inchi est 100% naturelle. elle aide \u00e0 combattre le vieillissement de la peau, nourrit et hydrate la peau et les cheveux, et renforce les ongles. Anti-inflammatoire, aide \u00e0 apaiser les \u00e9ruptions cutan\u00e9es, les irritations et \u00e0 r\u00e9duire l&#8217;acn\u00e9.<\/p>\n","protected":false},"featured_media":13046,"template":"","meta":[],"product_cat":[],"product_tag":[70,48],"class_list":["post-13021","product","type-product","status-publish","has-post-thumbnail","hentry","product_tag-cosmetique","product_tag-oil"],"_links":{"self":[{"href":"https:\/\/new.sachainchilaos.com\/de\/wp-json\/wp\/v2\/product\/13021","targetHints":{"allow":["GET"]}}],"collection":[{"href":"https:\/\/new.sachainchilaos.com\/de\/wp-json\/wp\/v2\/product"}],"about":[{"href":"https:\/\/new.sachainchilaos.com\/de\/wp-json\/wp\/v2\/types\/product"}],"version-history":[{"count":0,"href":"https:\/\/new.sachainchilaos.com\/de\/wp-json\/wp\/v2\/product\/13021\/revisions"}],"wp:featuredmedia":[{"embeddable":true,"href":"https:\/\/new.sachainchilaos.com\/de\/wp-json\/wp\/v2\/media\/13046"}],"wp:attachment":[{"href":"https:\/\/new.sachainchilaos.com\/de\/wp-json\/wp\/v2\/media?parent=13021"}],"wp:term":[{"taxonomy":"product_cat","embeddable":true,"href":"https:\/\/new.sachainchilaos.com\/de\/wp-json\/wp\/v2\/product_cat?post=13021"},{"taxonomy":"product_tag","embeddable":true,"href":"https:\/\/new.sachainchilaos.com\/de\/wp-json\/wp\/v2\/product_tag?post=13021"}],"curies":[{"name":"wp","href":"https:\/\/api.w.org\/{rel}","templated":true}]}}