{"id":13022,"date":"2021-05-25T13:41:33","date_gmt":"2021-05-25T11:41:33","guid":{"rendered":"https:\/\/new.sachainchilaos.com\/?post_type=product&#038;p=13022"},"modified":"2021-05-25T13:42:02","modified_gmt":"2021-05-25T11:42:02","slug":"sacha-inchi-enrobage-chocolat","status":"publish","type":"product","link":"https:\/\/new.sachainchilaos.com\/de\/product\/sacha-inchi-enrobage-chocolat\/","title":{"rendered":"SACHA INCHI &#8211; SCHOKOLADENBESCHICHTUNG"},"content":{"rendered":"<p><span id=\"result_box\" class=\"\" lang=\"de\" tabindex=\"-1\"><span class=\"\">Sacha Inchi Samen mit dunkler Schokolade, Milchschokolade oder wei\u00dfer Schokolade \u00fcberzogen. Es werden keine Konservierungsstoffe verwendet.<\/span><\/span><\/p>\n<p><b><u>VERWENDUNGEN:<\/u><\/b><br \/>\n<span id=\"result_box\" class=\"\" lang=\"de\" tabindex=\"-1\">\u2022 Auf eine Scheibe Brot zum Fr\u00fchst\u00fcck oder einen Snack verteilen.<br \/>\n\u2022 Einfach mit einem L\u00f6ffel essen.<br \/>\n<span class=\"\">\u2022 Zu kochen.<\/span><\/span><\/p>","protected":false},"excerpt":{"rendered":"<p>Gute Quelle f\u00fcr Omega und Protein. Kein Palm\u00f6l hinzugef\u00fcgt. Non-GMO. Verwandelt in eine glutenfreie und erdnussfreie Einrichtung.<\/p>\n","protected":false},"featured_media":13047,"template":"","meta":[],"product_cat":[],"product_tag":[58,74,73],"class_list":["post-13022","product","type-product","status-publish","has-post-thumbnail","hentry","product_tag-chocolat","product_tag-inchi","product_tag-sacha"],"_links":{"self":[{"href":"https:\/\/new.sachainchilaos.com\/de\/wp-json\/wp\/v2\/product\/13022","targetHints":{"allow":["GET"]}}],"collection":[{"href":"https:\/\/new.sachainchilaos.com\/de\/wp-json\/wp\/v2\/product"}],"about":[{"href":"https:\/\/new.sachainchilaos.com\/de\/wp-json\/wp\/v2\/types\/product"}],"version-history":[{"count":0,"href":"https:\/\/new.sachainchilaos.com\/de\/wp-json\/wp\/v2\/product\/13022\/revisions"}],"wp:featuredmedia":[{"embeddable":true,"href":"https:\/\/new.sachainchilaos.com\/de\/wp-json\/wp\/v2\/media\/13047"}],"wp:attachment":[{"href":"https:\/\/new.sachainchilaos.com\/de\/wp-json\/wp\/v2\/media?parent=13022"}],"wp:term":[{"taxonomy":"product_cat","embeddable":true,"href":"https:\/\/new.sachainchilaos.com\/de\/wp-json\/wp\/v2\/product_cat?post=13022"},{"taxonomy":"product_tag","embeddable":true,"href":"https:\/\/new.sachainchilaos.com\/de\/wp-json\/wp\/v2\/product_tag?post=13022"}],"curies":[{"name":"wp","href":"https:\/\/api.w.org\/{rel}","templated":true}]}}